{"id":20,"date":"2024-12-27T16:55:34","date_gmt":"2024-12-27T19:55:34","guid":{"rendered":"https:\/\/recover.rdconsolo.com.br\/?page_id=20"},"modified":"2024-12-28T10:30:44","modified_gmt":"2024-12-28T13:30:44","slug":"treinamentos","status":"publish","type":"page","link":"https:\/\/rdconsolo.com.br\/","title":{"rendered":"Treinamentos"},"content":{"rendered":"\n<h2 class=\"wp-block-heading\">ERP<\/h2>\n\n\n<div class=\"wp-block-image is-style-default\">\n<figure class=\"alignleft size-full is-resized\"><img loading=\"lazy\" decoding=\"async\" width=\"1024\" height=\"1024\" src=\"https:\/\/rdconsolo.com.br\/wordpress\/wp-content\/uploads\/2024\/12\/imgERP.jpeg\" alt=\"\" class=\"wp-image-145\" style=\"width:180px\" srcset=\"https:\/\/rdconsolo.com.br\/wp-content\/uploads\/2024\/12\/imgERP.jpeg 1024w, https:\/\/rdconsolo.com.br\/wp-content\/uploads\/2024\/12\/imgERP-300x300.jpeg 300w, https:\/\/rdconsolo.com.br\/wp-content\/uploads\/2024\/12\/imgERP-150x150.jpeg 150w, https:\/\/rdconsolo.com.br\/wp-content\/uploads\/2024\/12\/imgERP-768x768.jpeg 768w\" sizes=\"auto, (max-width: 709px) 85vw, (max-width: 909px) 67vw, (max-width: 1362px) 62vw, 840px\" \/><\/figure>\n<\/div>\n\n\n<p>O treinamento em software de gest\u00e3o integrado visa ajudar os usu\u00e1rios a se familiarizarem com o uso do aplicativo e a obter os conhecimentos e habilidades necess\u00e1rios para us\u00e1-lo de maneira eficiente. Pode incluir aulas presenciais ou virtuais, manuais de treinamento, v\u00eddeos tutoriais e outras ferramentas de aprendizado. Os t\u00f3picos abordados podem incluir a configura\u00e7\u00e3o e personaliza\u00e7\u00e3o do software, a entrada e gerenciamento de dados, a realiza\u00e7\u00e3o de relat\u00f3rios e an\u00e1lises, a integra\u00e7\u00e3o com outras ferramentas e sistemas, entre outros.<\/p>\n\n\n\n<h2 class=\"wp-block-heading\">PCP<\/h2>\n\n\n<div class=\"wp-block-image\">\n<figure class=\"alignleft size-full is-resized\"><img loading=\"lazy\" decoding=\"async\" width=\"1024\" height=\"1024\" src=\"https:\/\/rdconsolo.com.br\/wordpress\/wp-content\/uploads\/2024\/12\/imgPCP.jpeg\" alt=\"\" class=\"wp-image-146\" style=\"width:180px\" srcset=\"https:\/\/rdconsolo.com.br\/wp-content\/uploads\/2024\/12\/imgPCP.jpeg 1024w, https:\/\/rdconsolo.com.br\/wp-content\/uploads\/2024\/12\/imgPCP-300x300.jpeg 300w, https:\/\/rdconsolo.com.br\/wp-content\/uploads\/2024\/12\/imgPCP-150x150.jpeg 150w, https:\/\/rdconsolo.com.br\/wp-content\/uploads\/2024\/12\/imgPCP-768x768.jpeg 768w\" sizes=\"auto, (max-width: 709px) 85vw, (max-width: 909px) 67vw, (max-width: 1362px) 62vw, 840px\" \/><\/figure>\n<\/div>\n\n\n<p>Sigla para Planejamento e Controle da Produ\u00e7\u00e3o. \u00c9 uma \u00e1rea da gest\u00e3o empresarial respons\u00e1vel por planejar, organizar, coordenar e controlar todas as atividades relacionadas \u00e0 produ\u00e7\u00e3o de bens e servi\u00e7os. O treinamento em PCP pode incluir assuntos como planejamento de produ\u00e7\u00e3o, programa\u00e7\u00e3o de m\u00e1quinas e recursos, gest\u00e3o de estoques, qualidade, entre outros. O objetivo \u00e9 capacitar os profissionais para que eles possam desempenhar suas fun\u00e7\u00f5es de maneira mais eficiente e eficaz, contribuindo para o sucesso da empresa.<\/p>\n\n\n\n<h2 class=\"wp-block-heading\">Data Integration<\/h2>\n\n\n<div class=\"wp-block-image\">\n<figure class=\"alignleft size-full is-resized\"><img loading=\"lazy\" decoding=\"async\" width=\"1024\" height=\"1024\" src=\"https:\/\/rdconsolo.com.br\/wordpress\/wp-content\/uploads\/2024\/12\/imgDI.jpeg\" alt=\"\" class=\"wp-image-144\" style=\"width:180px\" srcset=\"https:\/\/rdconsolo.com.br\/wp-content\/uploads\/2024\/12\/imgDI.jpeg 1024w, https:\/\/rdconsolo.com.br\/wp-content\/uploads\/2024\/12\/imgDI-300x300.jpeg 300w, https:\/\/rdconsolo.com.br\/wp-content\/uploads\/2024\/12\/imgDI-150x150.jpeg 150w, https:\/\/rdconsolo.com.br\/wp-content\/uploads\/2024\/12\/imgDI-768x768.jpeg 768w\" sizes=\"auto, (max-width: 709px) 85vw, (max-width: 909px) 67vw, (max-width: 1362px) 62vw, 840px\" \/><\/figure>\n<\/div>\n\n\n<p>O treinamento em integra\u00e7\u00e3o de dados \u00e9 uma forma\u00e7\u00e3o que visa ensinar aos profissionais como integrar dados de diferentes fontes e sistemas para que eles possam ser utilizados de maneira integrada e consistente. Esse tipo de treinamento pode incluir t\u00e9cnicas de extra\u00e7\u00e3o, transforma\u00e7\u00e3o e carregamento de dados (ETL), bem como ferramentas e tecnologias para integra\u00e7\u00e3o de dados, como APIs, integradores de aplicativos, entre outras. \u00c9 \u00fatil para profissionais de diversas \u00e1reas, como tecnologia da informa\u00e7\u00e3o, neg\u00f3cios, ci\u00eancia de dados, entre outras, que precisam trabalhar com dados de diferentes fontes e sistemas.<\/p>\n","protected":false},"excerpt":{"rendered":"<p>ERP O treinamento em software de gest\u00e3o integrado visa ajudar os usu\u00e1rios a se familiarizarem com o uso do aplicativo e a obter os conhecimentos e habilidades necess\u00e1rios para us\u00e1-lo de maneira eficiente. Pode incluir aulas presenciais ou virtuais, manuais de treinamento, v\u00eddeos tutoriais e outras ferramentas de aprendizado. Os t\u00f3picos abordados podem incluir a &hellip; <a href=\"https:\/\/rdconsolo.com.br\/\" class=\"more-link\">Continue lendo<span class=\"screen-reader-text\"> &#8220;Treinamentos&#8221;<\/span><\/a><\/p>\n","protected":false},"author":1,"featured_media":0,"parent":0,"menu_order":0,"comment_status":"closed","ping_status":"closed","template":"","meta":{"footnotes":""},"class_list":["post-20","page","type-page","status-publish","hentry"],"_links":{"self":[{"href":"https:\/\/rdconsolo.com.br\/index.php?rest_route=\/wp\/v2\/pages\/20","targetHints":{"allow":["GET"]}}],"collection":[{"href":"https:\/\/rdconsolo.com.br\/index.php?rest_route=\/wp\/v2\/pages"}],"about":[{"href":"https:\/\/rdconsolo.com.br\/index.php?rest_route=\/wp\/v2\/types\/page"}],"author":[{"embeddable":true,"href":"https:\/\/rdconsolo.com.br\/index.php?rest_route=\/wp\/v2\/users\/1"}],"replies":[{"embeddable":true,"href":"https:\/\/rdconsolo.com.br\/index.php?rest_route=%2Fwp%2Fv2%2Fcomments&post=20"}],"version-history":[{"count":11,"href":"https:\/\/rdconsolo.com.br\/index.php?rest_route=\/wp\/v2\/pages\/20\/revisions"}],"predecessor-version":[{"id":149,"href":"https:\/\/rdconsolo.com.br\/index.php?rest_route=\/wp\/v2\/pages\/20\/revisions\/149"}],"wp:attachment":[{"href":"https:\/\/rdconsolo.com.br\/index.php?rest_route=%2Fwp%2Fv2%2Fmedia&parent=20"}],"curies":[{"name":"wp","href":"https:\/\/api.w.org\/{rel}","templated":true}]}}